{"id":4,"date":"2013-04-23T18:14:52","date_gmt":"2013-04-23T16:14:52","guid":{"rendered":"http:\/\/derechodeltrabajo.zeus.umh.es\/presentacion\/"},"modified":"2024-07-05T14:02:02","modified_gmt":"2024-07-05T12:02:02","slug":"presentacion","status":"publish","type":"page","link":"https:\/\/derechodeltrabajo.umh.es\/ca\/","title":{"rendered":"Presentaci\u00f3"},"content":{"rendered":"<p>&nbsp;<\/p>\n<p style=\"text-align: justify\"><a href=\"https:\/\/derechodeltrabajo.umh.es\/files\/2013\/04\/torrevailloytorregaitan.jpg\"><img loading=\"lazy\" class=\"alignleft size-medium wp-image-6\" title=\"torrevailloytorregaitan\" src=\"https:\/\/derechodeltrabajo.umh.es\/files\/2013\/04\/torrevailloytorregaitan-300x224.jpg\" alt=\"\" width=\"300\" height=\"224\" srcset=\"https:\/\/derechodeltrabajo.umh.es\/files\/2013\/04\/torrevailloytorregaitan-300x224.jpg 300w, https:\/\/derechodeltrabajo.umh.es\/files\/2013\/04\/torrevailloytorregaitan-1024x767.jpg 1024w, https:\/\/derechodeltrabajo.umh.es\/files\/2013\/04\/torrevailloytorregaitan.jpg 1551w\" sizes=\"(max-width: 300px) 100vw, 300px\" \/><\/a><\/p>\n<p><strong><a href=\"https:\/\/derechodeltrabajo.umh.es\/\">L&#8217;\u00c0rea de Dret del Treball i de la Seguretat Social<\/a><\/strong> integrada en el Departament de Ci\u00e8ncia Jur\u00eddica de la UMH, \u00e9s una de les que major doc\u00e8ncia imparteix en les disciplines jur\u00eddiques de les diverses Titulacions, tant presencials com semipresencials, en els Campus d&#8217;Elx i Oriola i t\u00e9 com a objectiu primordial la constant millora en la qualitat de l&#8217;ensenyament dirigida als seus estudiants a trav\u00e9s d&#8217;una acurada transmissi\u00f3 de les habilitats i compet\u00e8ncies necess\u00e0ries, tal com exigeixen els vigents Estudis Europeus d&#8217;Ensenyament Superior. Juntament amb aix\u00f2 es desenvolupa una emergent labor investigadora en les diverses mat\u00e8ries laborals, en particular les que es refereixen a la Seguretat Social en la seva vessant prestacional.<\/p>\n<p>&nbsp;<\/p>","protected":false},"excerpt":{"rendered":"<p>&nbsp;<\/p>\n<p>L&#8217;\u00c0rea de Dret del Treball i de la Seguretat Social integrada en el Departament de Ci\u00e8ncia Jur\u00eddica de la UMH, \u00e9s una de les que major doc\u00e8ncia imparteix en les disciplines jur\u00eddiques de les diverses Titulacions, tant presencials com semipresencials, en els Campus d&#8217;Elx i Oriola i t\u00e9 com a objectiu primordial la constant millora [&#8230;]<\/p>\n","protected":false},"author":1,"featured_media":0,"parent":0,"menu_order":0,"comment_status":"closed","ping_status":"open","template":"","meta":{"_links_to":"","_links_to_target":""},"_links":{"self":[{"href":"https:\/\/derechodeltrabajo.umh.es\/ca\/wp-json\/wp\/v2\/pages\/4"}],"collection":[{"href":"https:\/\/derechodeltrabajo.umh.es\/ca\/wp-json\/wp\/v2\/pages"}],"about":[{"href":"https:\/\/derechodeltrabajo.umh.es\/ca\/wp-json\/wp\/v2\/types\/page"}],"author":[{"embeddable":true,"href":"https:\/\/derechodeltrabajo.umh.es\/ca\/wp-json\/wp\/v2\/users\/1"}],"replies":[{"embeddable":true,"href":"https:\/\/derechodeltrabajo.umh.es\/ca\/wp-json\/wp\/v2\/comments?post=4"}],"version-history":[{"count":0,"href":"https:\/\/derechodeltrabajo.umh.es\/ca\/wp-json\/wp\/v2\/pages\/4\/revisions"}],"wp:attachment":[{"href":"https:\/\/derechodeltrabajo.umh.es\/ca\/wp-json\/wp\/v2\/media?parent=4"}],"curies":[{"name":"wp","href":"https:\/\/api.w.org\/{rel}","templated":true}]}}