{"id":13,"date":"2013-06-23T15:35:25","date_gmt":"2013-06-23T13:35:25","guid":{"rendered":"http:\/\/derechodeltrabajo.umh.es\/recursos\/"},"modified":"2024-07-05T13:54:00","modified_gmt":"2024-07-05T11:54:00","slug":"recursos","status":"publish","type":"page","link":"https:\/\/derechodeltrabajo.umh.es\/ca\/recursos\/","title":{"rendered":"Enlla\u00e7os d&#8217;Inter\u00e8s"},"content":{"rendered":"<p><\/p>\n<div>\n<p><strong>INSTITUCIONS OFICIALS<\/strong><\/p>\n<ol>\n<li><strong>Ministeri de Treball i Economia Social<\/strong><\/li>\n<\/ol>\n<ul>\n<li><a href=\"http:\/\/www.mites.gob.es\/\"> http:\/\/www.mites.gob.es\/\u00a0<\/a><\/li>\n<li>Portal oficial del govern espanyol que proporciona informaci\u00f3 actualitzada sobre legislaci\u00f3 laboral, pol\u00edtiques d&#8217;ocupaci\u00f3 i ajudes socials.<\/li>\n<\/ul>\n<ol start=\"2\">\n<li>I<strong>nspecci\u00f3 de Treball i Seguretat Social<\/strong><\/li>\n<\/ol>\n<ul>\n<li><a href=\"http:\/\/www.mites.gob.es\/itss\/web\/index.html\">http:\/\/www.mites.gob.es\/itss\/web\/index.html<\/a><\/li>\n<li>Informaci\u00f3 sobre la supervisi\u00f3 i control del compliment de la legislaci\u00f3 laboral i de seguretat social.<\/li>\n<\/ul>\n<ol start=\"3\">\n<li>R<strong>eial decret legislatiu 2\/2015, de 23 d&#8217;octubre, pel qual s&#8217;aprova el text ref\u00f3s de la Llei de l&#8217;Estatut dels Treballadors.<\/strong><\/li>\n<\/ol>\n<ul>\n<li><a href=\"https:\/\/www.boe.es\/buscar\/act.php?id=BOE-A-2015-11430\">Estatut dels Treballadors<\/a><\/li>\n<\/ul>\n<ol start=\"4\">\n<li><strong>Guia Laboral. La contractaci\u00f3 de treballadors i les caracter\u00edstiques de cada tipus de contracte.<\/strong><\/li>\n<\/ol>\n<ul>\n<li><a href=\"https:\/\/www.mites.gob.es\/es\/Guia\/texto\/guia_5\/index.htm\">Guia Laboral. La contractaci\u00f3 de treballadors i les caracter\u00edstiques de cada tipus de contracte.<\/a><\/li>\n<\/ul>\n<ol start=\"5\">\n<li><strong>Consell General del Poder Judicial (CGPJ)<\/strong><\/li>\n<\/ol>\n<ul>\n<li><a href=\"http:\/\/www.poderjudicial.es\/\">http:\/\/www.poderjudicial.es\/\u00a0<\/a><\/li>\n<li>Informaci\u00f3 sobre sent\u00e8ncies i jurisprud\u00e8ncia rellevant en mat\u00e8ria de dret laboral.<\/li>\n<\/ul>\n<p>&nbsp;<\/p>\n<p><strong>LEGISLACI\u00d3 I JURISPRUD\u00c8NCIA<\/strong><\/p>\n<ol>\n<li><strong>Butllet\u00ed Oficial de l&#8217;Estat (BOE)<\/strong><\/li>\n<\/ol>\n<ul>\n<li><a href=\"https:\/\/www.boe.es\/\">\u00a0https:\/\/www.boe.es\/<\/a><\/li>\n<li>Acc\u00e9s a la legislaci\u00f3 vigent i a les disposicions oficials publicades.<\/li>\n<\/ul>\n<p>&nbsp;<\/p>\n<ol start=\"2\">\n<li><strong>Portal del Dret Laboral CEF.<\/strong><\/li>\n<\/ol>\n<ul>\n<li><a href=\"https:\/\/www.laboral-social.com\/\">https:\/\/www.laboral-social.com\/<\/a><\/li>\n<li>Recursos i articles sobre el dret laboral i la seguretat social.<\/li>\n<\/ul>\n<ol start=\"3\">\n<li><strong>CENDOJ (Centre de Documentaci\u00f3 Judicial)<\/strong><\/li>\n<\/ol>\n<ul>\n<li><a href=\"http:\/\/www.poderjudicial.es\/cendoj\/\">http:\/\/www.poderjudicial.es\/cendoj\/<\/a><\/li>\n<li>Base de dades de jurisprud\u00e8ncia, amb sent\u00e8ncies i resolucions judicials.<\/li>\n<\/ul>\n<p>&nbsp;<\/p>\n<p><strong>ASSOCIACIONS I COL\u00b7LEGIS PROFESSIONALS<\/strong><\/p>\n<ol>\n<li><strong>Col\u00b7legi d&#8217;Advocats d&#8217;Elx (ICAE)<\/strong><\/li>\n<\/ol>\n<ul>\n<li><a href=\"https:\/\/www.icae.es\/\">https:\/\/www.icae.es\/<\/a><\/li>\n<li>Informaci\u00f3 i recursos per a advocats, incloent especialitzacions en dret laboral.<\/li>\n<\/ul>\n<p>&nbsp;<\/p>\n<ol start=\"2\">\n<li><strong>Associaci\u00f3 Espanyola de Dret del Treball i Seguretat Social (AEDTSS)<\/strong><\/li>\n<\/ol>\n<ul>\n<li><a href=\"https:\/\/www.aedtss.com\/\">https:\/\/www.aedtss.com\/<\/a><\/li>\n<li>L&#8217;associaci\u00f3 forma part de la Societat Internacional de Dret del Treball i de la Seguretat Social.<\/li>\n<\/ul>\n<p><strong>3. Associaci\u00f3 Nacional de Laboralistes (ASNALA)<\/strong><\/p>\n<ul>\n<li><a href=\"https:\/\/www.asnala.com\/\">https:\/\/www.asnala.com\/<\/a><\/li>\n<li>Associaci\u00f3 professional que agrupa als advocats especialitzats en dret laboral.<\/li>\n<\/ul>\n<p>&nbsp;<\/p>\n<p><strong>FORMACI\u00d3 I PUBLICACIONS<\/strong><\/p>\n<ol>\n<li><strong>Revistes i Publicacions Especialitzades<\/strong><\/li>\n<\/ol>\n<ul>\n<li>Revista de Dret Social: <a href=\"https:\/\/dialnet.unirioja.es\/servlet\/revista?codigo=1149\">https:\/\/dialnet.unirioja.es\/servlet\/revista?codigo=1149<\/a><\/li>\n<li>Revista del Ministeri de Treball i Economia Social: <a href=\"https:\/\/www.mites.gob.es\/es\/revistaministerio\/\">https:\/\/www.mites.gob.es\/es\/revistaministerio\/<\/a><\/li>\n<\/ul>\n<p>&nbsp;<\/p>\n<p><strong>RECURSOS PR\u00c0CTICS<\/strong><\/p>\n<ol>\n<li><strong>Models i Formularis Laborals<\/strong><\/li>\n<\/ol>\n<ul>\n<li><a href=\"https:\/\/insignis-aranzadidigital-es.publicaciones.umh.es\/maf\/app\/search\/template?stnew=true&amp;stid=formularios\">https:\/\/insignis-aranzadidigital-es.publicaciones.umh.es\/maf\/app\/search\/template?stnew=true&amp;stid=formularios<\/a><\/li>\n<li>Plantilles i exemples de documents jur\u00eddics.<\/li>\n<\/ul>\n<ol start=\"2\">\n<li><strong>Calculadora de finiquitos del CGPJ<\/strong><\/li>\n<\/ol>\n<ul>\n<li><a href=\"https:\/\/www.poderjudicial.es\/cgpj\/es\/Servicios\/Utilidades\/Calculo-de-indemnizaciones-por-extincion-de-contrato-de-trabajo\/\">https:\/\/www.poderjudicial.es\/cgpj\/es\/Servicios\/Utilidades\/Calculo-de-indemnizaciones-por-extincion-de-contrato-de-trabajo\/<\/a><\/li>\n<li>Eines per a calcular indemnitzacions.<\/li>\n<\/ul>\n<p>&nbsp;<\/p>\n<p><strong>NOT\u00cdCIES I ACTUALITAT<\/strong><\/p>\n<ol>\n<li><strong>Not\u00edcies Jur\u00eddiques<\/strong><\/li>\n<\/ol>\n<ul>\n<li><a href=\"https:\/\/noticias.juridicas.com\/\">https:\/\/noticias.juridicas.com\/<\/a><\/li>\n<li>Actualitat i not\u00edcies sobre el dret laboral.<\/li>\n<\/ul>\n<ol start=\"2\">\n<li><strong>Not\u00edcies jur\u00eddiques en premsa &#8211; Secci\u00f3 de Dret Laboral<\/strong><\/li>\n<\/ol>\n<\/div>\n<div>\n<ul>\n<li><a href=\"https:\/\/elpais.com\/noticias\/derecho-laboral\/\">El Pa\u00eds<\/a><\/li>\n<li><a href=\"https:\/\/confilegal.com\/actualidad\/derecho-laboral\/\">Confilegal<\/a><\/li>\n<li><a href=\"https:\/\/noticias.juridicas.com\/etiquetas\/laboral\/&amp;tag=laboral\/\">Noticias Jur\u00eddicas<\/a><\/li>\n<li><a href=\"https:\/\/elderecho.com\/social\">El Derecho<\/a><\/li>\n<li><a href=\"https:\/\/cincodias.elpais.com\/noticias\/derecho-laboral\/\">CincoD\u00edas<\/a><\/li>\n<li><a href=\"https:\/\/www.larazon.es\/tags\/derecho-laboral\/\">La Raz\u00f3n<\/a><\/li>\n<li><a href=\"https:\/\/www.publico.es\/tag\/derecho-laboral\">P\u00fablico<\/a><\/li>\n<li><a href=\"https:\/\/www.iberley.es\/noticias\/laboral?utm_term=&amp;utm_campaign=Iberley+din%C3%A1mica&amp;utm_source=adwords&amp;utm_medium=ppc&amp;hsa_acc=5957353488&amp;hsa_cam=9308467168&amp;hsa_grp=95797298122&amp;hsa_ad=417413612842&amp;hsa_src=g&amp;hsa_tgt=dsa-431061560092&amp;hsa_kw=&amp;hsa_mt=&amp;hsa_net=adwords&amp;hsa_ver=3&amp;gad_source=1&amp;gclid=Cj0KCQjws560BhCuARIsAHMqE0HMC3_ZrUpUO_3g9S1sJo4VBcbWooOU4m5dcdOr9cQXv8wghJCMECsaAgwuEALw_wcB\">Iberley<\/a><\/li>\n<li><a href=\"https:\/\/www.elmundo.es\/t\/re\/reforma-laboral.html\">El Mundo<\/a><\/li>\n<\/ul>\n<\/div>\n<p><\/p>","protected":false},"excerpt":{"rendered":"<p>INSTITUCIONS OFICIALS<\/p>\n<p>Ministeri de Treball i Economia Social<\/p>\n<p> http:\/\/www.mites.gob.es\/\u00a0<br \/>\nPortal oficial del govern espanyol que proporciona informaci\u00f3 actualitzada sobre legislaci\u00f3 laboral, pol\u00edtiques d&#8217;ocupaci\u00f3 i ajudes socials.<\/p>\n<p>Inspecci\u00f3 de Treball i Seguretat Social<\/p>\n<p>http:\/\/www.mites.gob.es\/itss\/web\/index.html<br \/>\nInformaci\u00f3 sobre la supervisi\u00f3 i control del compliment de la legislaci\u00f3 laboral i de seguretat social.<\/p>\n<p>Reial decret legislatiu 2\/2015, de 23 d&#8217;octubre, pel qual s&#8217;aprova el text [&#8230;]<\/p>\n","protected":false},"author":2794,"featured_media":0,"parent":0,"menu_order":0,"comment_status":"closed","ping_status":"open","template":"","meta":{"_links_to":"","_links_to_target":""},"_links":{"self":[{"href":"https:\/\/derechodeltrabajo.umh.es\/ca\/wp-json\/wp\/v2\/pages\/13"}],"collection":[{"href":"https:\/\/derechodeltrabajo.umh.es\/ca\/wp-json\/wp\/v2\/pages"}],"about":[{"href":"https:\/\/derechodeltrabajo.umh.es\/ca\/wp-json\/wp\/v2\/types\/page"}],"author":[{"embeddable":true,"href":"https:\/\/derechodeltrabajo.umh.es\/ca\/wp-json\/wp\/v2\/users\/2794"}],"replies":[{"embeddable":true,"href":"https:\/\/derechodeltrabajo.umh.es\/ca\/wp-json\/wp\/v2\/comments?post=13"}],"version-history":[{"count":0,"href":"https:\/\/derechodeltrabajo.umh.es\/ca\/wp-json\/wp\/v2\/pages\/13\/revisions"}],"wp:attachment":[{"href":"https:\/\/derechodeltrabajo.umh.es\/ca\/wp-json\/wp\/v2\/media?parent=13"}],"curies":[{"name":"wp","href":"https:\/\/api.w.org\/{rel}","templated":true}]}}