{"id":12,"date":"2013-06-23T15:35:12","date_gmt":"2013-06-23T13:35:12","guid":{"rendered":"http:\/\/derechodeltrabajo.umh.es\/actividades\/"},"modified":"2024-07-05T13:57:11","modified_gmt":"2024-07-05T11:57:11","slug":"actividades","status":"publish","type":"page","link":"https:\/\/derechodeltrabajo.umh.es\/ca\/actividades\/","title":{"rendered":"Seminari de l&#8217;\u00c0rea de Dret del Treball i de la Seguretat Social"},"content":{"rendered":"<p><a href=\"https:\/\/derechodeltrabajo.umh.es\/files\/2013\/06\/Cartel-Seminario-ADTSS.pdf\"><strong>Cartell Seminari ADTSS<\/strong><\/a><\/p>\n<p>El dilluns dia 6 d&#8217;octubre de 2014, a les 13:00 hores, va comen\u00e7ar el seu recorregut el Seminari de l&#8217;\u00c0rea de Dret del Treball i de la Seguretat Social, destinat als estudiants de les Titulacions en Relacions Laborals i Recursos Humans, Dret, i Administraci\u00f3 i Direcci\u00f3 d&#8217;Empreses.<\/p>\n<p>La primera sessi\u00f3 va ser a c\u00e0rrec del Professor Dr. Antonio V. Sempere Navarro, Magistrat de la Sala Quarta del Tribunal Suprem i Catedr\u00e0tic de Dret del Treball i de la Seguretat Social, amb el tema: \u00abPassat, present i futur de la pensi\u00f3 de vidu\u00eftat\u00bb.<\/p>\n<p>S&#8217;adjunta l&#8217;enlla\u00e7 amb el v\u00eddeo de la confer\u00e8ncia.<\/p>\n<p><iframe loading=\"lazy\"  style=\"display: block; margin: 0px auto;\"  id=\"_ytid_59238\"  width=\"480\" height=\"270\"  data-origwidth=\"480\" data-origheight=\"270\" src=\"https:\/\/www.youtube.com\/embed\/lO9W5sAUB5o?enablejsapi=1&#038;autoplay=0&#038;cc_load_policy=0&#038;cc_lang_pref=&#038;iv_load_policy=1&#038;loop=0&#038;modestbranding=0&#038;rel=1&#038;fs=1&#038;playsinline=0&#038;autohide=2&#038;theme=dark&#038;color=red&#038;controls=1&#038;\" class=\"__youtube_prefs__  epyt-is-override  no-lazyload\" title=\"YouTube player\"  allow=\"accelerometer; autoplay; clipboard-write; encrypted-media; gyroscope; picture-in-picture\" allowfullscreen data-no-lazy=\"1\" data-skipgform_ajax_framebjll=\"\"><\/iframe><\/p>\n<p>PASSAT, PRESENT I FUTUR DE LA PENSI\u00d3 DE VIDU\u00cfTAT<\/p>","protected":false},"excerpt":{"rendered":"<p>Cartell Seminari ADTSS<br \/>\nEl dilluns dia 6 d&#8217;octubre de 2014, a les 13:00 hores, va comen\u00e7ar el seu recorregut el Seminari de l&#8217;\u00c0rea de Dret del Treball i de la Seguretat Social, destinat als estudiants de les Titulacions en Relacions Laborals i Recursos Humans, Dret, i Administraci\u00f3 i Direcci\u00f3 d&#8217;Empreses.<br \/>\nLa primera sessi\u00f3 va ser a c\u00e0rrec [&#8230;]<\/p>\n","protected":false},"author":2794,"featured_media":0,"parent":0,"menu_order":0,"comment_status":"closed","ping_status":"open","template":"","meta":{"_links_to":"","_links_to_target":""},"_links":{"self":[{"href":"https:\/\/derechodeltrabajo.umh.es\/ca\/wp-json\/wp\/v2\/pages\/12"}],"collection":[{"href":"https:\/\/derechodeltrabajo.umh.es\/ca\/wp-json\/wp\/v2\/pages"}],"about":[{"href":"https:\/\/derechodeltrabajo.umh.es\/ca\/wp-json\/wp\/v2\/types\/page"}],"author":[{"embeddable":true,"href":"https:\/\/derechodeltrabajo.umh.es\/ca\/wp-json\/wp\/v2\/users\/2794"}],"replies":[{"embeddable":true,"href":"https:\/\/derechodeltrabajo.umh.es\/ca\/wp-json\/wp\/v2\/comments?post=12"}],"version-history":[{"count":0,"href":"https:\/\/derechodeltrabajo.umh.es\/ca\/wp-json\/wp\/v2\/pages\/12\/revisions"}],"wp:attachment":[{"href":"https:\/\/derechodeltrabajo.umh.es\/ca\/wp-json\/wp\/v2\/media?parent=12"}],"curies":[{"name":"wp","href":"https:\/\/api.w.org\/{rel}","templated":true}]}}